{"id":904,"date":"2023-01-12T23:46:33","date_gmt":"2023-01-12T22:46:33","guid":{"rendered":"http:\/\/urgentcrier.com\/?page_id=904"},"modified":"2023-01-30T17:14:18","modified_gmt":"2023-01-30T16:14:18","slug":"rencontres-urgent-crier-2023-2024","status":"publish","type":"page","link":"http:\/\/urgentcrier.com\/index.php\/rencontres-urgent-crier-2023-2024\/","title":{"rendered":"RENCONTRES URGENT CRIER 2023 &#8211; 2024"},"content":{"rendered":"\n<p><a href=\"http:\/\/urgentcrier.com\/index.php\/2023\/01\/12\/avant-programme-2023\/\">programmation en cours<\/a><\/p>\n\n\n\n<h1 class=\"wp-block-heading\">rencontres Urgent Crier 2023 <\/h1>\n\n\n\n<figure class=\"wp-block-image\"><img decoding=\"async\" src=\"https:\/\/ci3.googleusercontent.com\/proxy\/07iAGnr4ryzoZF9bLqGekCkm5CV1-X8OllmmCuEv_Rbd_DaF0-I5dKoTUX2qBEcFh8tXFPqvXq4_bljhms9qsE5-IWZZ3CJEek3TxvFdOGUYtqdBWb0Gtuob1br5l1yGrOWHK28jQNgjpfDjc-PdqL5Y_0p8IKUwvaaulp-rEpH8P-67Lt_3FxblyX3xlrDLkSDXupjoeDEpbBpgIY44mwkbB8dLqIMbczTdXWTdKUmjtYta=s0-d-e1-ft#https:\/\/static.wixstatic.com\/media\/7f1a67_dc5b9ebbc57b4639a01d5f57b4bed188~mv2.jpg\/v1\/fit\/w_700,h_2000,al_c,q_85\/7f1a67_dc5b9ebbc57b4639a01d5f57b4bed188~mv2.jpg\" alt=\"\"\/><\/figure>\n\n\n\n<h1 class=\"wp-block-heading\" id=\"reine\"><strong>LA NUIT DES REINES , Samedi 28 janvier 2023 \u00e0 19h<\/strong><\/h1>\n\n\n\n<figure class=\"wp-block-table\"><table><tbody><tr><td><strong>Pour le premier rendez-vous des 60 ans du Th\u00e9\u00e2tre des Carmes que nous f\u00eatons tout au long de l&rsquo;ann\u00e9e 2023<\/strong>,<strong> le public \u00e9tait au rendez-vous malgr\u00e9 la froidure.<\/strong><br>Au programme des lectures, des extraits de <strong><em>M\u00e9d\u00e9e, tourbillon solo<\/em><\/strong>, puis une pr\u00e9sentation anim\u00e9e par Pascale autour des com\u00e9diennes dans l&rsquo;histoire du th\u00e9\u00e2tre des Carmes, et une grande partie de<strong> L<em>a nuit ou Horemheb traquait Nefertiti \u00e0 travers les d\u00e9serts<\/em><\/strong> avec Claude Djian et Corinne Derian.<\/td><\/tr><\/tbody><\/table><\/figure>\n\n\n\n<figure class=\"wp-block-video\"><video controls src=\"http:\/\/media.urgentcrier.com\/urgentcrier\/nefertiti.mp4\"><\/video><figcaption class=\"wp-element-caption\">quelques images de la soir\u00e9e<\/figcaption><\/figure>\n\n\n\n<hr class=\"wp-block-separator has-alpha-channel-opacity is-style-wide\"\/>\n\n\n\n<p><a href=\"http:\/\/urgentcrier.com\/index.php\/2023\/01\/18\/rendez-vous-en-janvier-2023\/\">voir l&rsquo;article de pr\u00e9sentation<\/a><\/p>\n\n\n\n<hr class=\"wp-block-separator has-alpha-channel-opacity is-style-wide\"\/>\n\n\n\n<div class=\"wp-block-buttons is-layout-flex wp-block-buttons-is-layout-flex\">\n<div class=\"wp-block-button is-style-outline is-style-outline--1\"><a class=\"wp-block-button__link has-vivid-cyan-blue-color has-text-color wp-element-button\" href=\"http:\/\/urgentcrier.com\/index.php\/videos-urgent-crier\/\">rencontres 2013 &#8211; 2014<\/a><\/div>\n\n\n\n<div class=\"wp-block-button is-style-outline is-style-outline--2\"><a class=\"wp-block-button__link has-vivid-cyan-blue-color has-text-color wp-element-button\" href=\"http:\/\/urgentcrier.com\/index.php\/rencontres-urgent-crier-2015-2016\/\">rencontres 2015 &#8211; 2016<\/a><\/div>\n\n\n\n<div class=\"wp-block-button is-style-outline is-style-outline--3\"><a class=\"wp-block-button__link has-vivid-cyan-blue-color has-text-color wp-element-button\" href=\"http:\/\/urgentcrier.com\/index.php\/rencontres-urgent-crier-2019-2020\/\">rencontres 2017 &#8211; 2018<\/a><\/div>\n\n\n\n<div class=\"wp-block-button is-style-outline is-style-outline--4\"><a class=\"wp-block-button__link has-vivid-cyan-blue-color has-text-color wp-element-button\" href=\"http:\/\/urgentcrier.com\/index.php\/rencontres-urgent-crier-2019-2020-2\/\">rencontres 2019 &#8211; 2020<\/a><\/div>\n\n\n\n<div class=\"wp-block-button is-style-outline is-style-outline--5\"><a class=\"wp-block-button__link has-vivid-cyan-blue-color has-text-color wp-element-button\" href=\"http:\/\/urgentcrier.com\/index.php\/rencontres-urgent-crier-2021-2022\/\">rencontres 2021 &#8211; 2022<\/a><\/div>\n<\/div>\n","protected":false},"excerpt":{"rendered":"<p>programmation en cours rencontres Urgent Crier 2023 LA NUIT DES REINES , Samedi 28 janvier 2023 \u00e0 19h Pour le premier rendez-vous des 60 ans du Th\u00e9\u00e2tre des Carmes que nous f\u00eatons tout au long de l&rsquo;ann\u00e9e 2023, le public \u00e9tait au rendez-vous malgr\u00e9 la froidure.Au programme des lectures, des extraits de M\u00e9d\u00e9e, tourbillon solo, &hellip; <\/p>\n<p class=\"link-more\"><a href=\"http:\/\/urgentcrier.com\/index.php\/rencontres-urgent-crier-2023-2024\/\" class=\"more-link\">Continuer la lecture<span class=\"screen-reader-text\"> de &laquo;&nbsp;RENCONTRES URGENT CRIER 2023 &#8211; 2024&nbsp;&raquo;<\/span><\/a><\/p>\n","protected":false},"author":1,"featured_media":0,"parent":0,"menu_order":0,"comment_status":"open","ping_status":"closed","template":"","meta":{"footnotes":""},"class_list":["post-904","page","type-page","status-publish","hentry"],"_links":{"self":[{"href":"http:\/\/urgentcrier.com\/index.php\/wp-json\/wp\/v2\/pages\/904","targetHints":{"allow":["GET"]}}],"collection":[{"href":"http:\/\/urgentcrier.com\/index.php\/wp-json\/wp\/v2\/pages"}],"about":[{"href":"http:\/\/urgentcrier.com\/index.php\/wp-json\/wp\/v2\/types\/page"}],"author":[{"embeddable":true,"href":"http:\/\/urgentcrier.com\/index.php\/wp-json\/wp\/v2\/users\/1"}],"replies":[{"embeddable":true,"href":"http:\/\/urgentcrier.com\/index.php\/wp-json\/wp\/v2\/comments?post=904"}],"version-history":[{"count":11,"href":"http:\/\/urgentcrier.com\/index.php\/wp-json\/wp\/v2\/pages\/904\/revisions"}],"predecessor-version":[{"id":1408,"href":"http:\/\/urgentcrier.com\/index.php\/wp-json\/wp\/v2\/pages\/904\/revisions\/1408"}],"wp:attachment":[{"href":"http:\/\/urgentcrier.com\/index.php\/wp-json\/wp\/v2\/media?parent=904"}],"curies":[{"name":"wp","href":"https:\/\/api.w.org\/{rel}","templated":true}]}}