{"id":678,"date":"2023-01-10T23:13:09","date_gmt":"2023-01-10T22:13:09","guid":{"rendered":"http:\/\/urgentcrier.com\/?page_id=678"},"modified":"2023-01-18T18:06:26","modified_gmt":"2023-01-18T17:06:26","slug":"rencontres-urgent-crier-2021-2022","status":"publish","type":"page","link":"http:\/\/urgentcrier.com\/index.php\/rencontres-urgent-crier-2021-2022\/","title":{"rendered":"RENCONTRES URGENT CRIER 2021 &#8211; 2022"},"content":{"rendered":"\n<hr class=\"wp-block-separator has-alpha-channel-opacity is-style-wide\"\/>\n\n\n\n<h1 class=\"wp-block-heading\"><br><br>Cr\u00e9ation-lecture de RADIO SOLO en streaming,<br>Avril 2021<\/h1>\n\n\n\n<figure class=\"wp-block-video\"><video controls poster=\"http:\/\/urgentcrier.com\/wp-content\/uploads\/2023\/01\/radio-solo-init.jpg\" src=\"http:\/\/media.urgentcrier.com\/urgentcrier\/annonce RADIO SOLO.mp4\"><\/video><figcaption class=\"wp-element-caption\">Bande annonce, Captation et montage: JJ florio \/ JM Peytavin<\/figcaption><\/figure>\n\n\n\n<h3 class=\"has-text-align-center wp-block-heading\">Lecture int\u00e9grale diffus\u00e9e sur Youtube<\/h3>\n\n\n\n<figure class=\"wp-block-embed is-type-video is-provider-youtube wp-block-embed-youtube wp-embed-aspect-16-9 wp-has-aspect-ratio\"><div class=\"wp-block-embed__wrapper\">\n<iframe loading=\"lazy\" title=\"RADIO SOLO  Benedetto Th\u00e9\u00e2tre des Carmes\" width=\"525\" height=\"295\" src=\"https:\/\/www.youtube.com\/embed\/JAFKDeOrprg?feature=oembed\" frameborder=\"0\" allow=\"accelerometer; autoplay; clipboard-write; encrypted-media; gyroscope; picture-in-picture; web-share\" referrerpolicy=\"strict-origin-when-cross-origin\" allowfullscreen><\/iframe>\n<\/div><\/figure>\n\n\n\n<h1 class=\"wp-block-heading\"><br><br><br>JOURNEE NECESSAIRE URGENT CRIER, <br>juillet 2021<\/h1>\n\n\n\n<hr class=\"wp-block-separator has-alpha-channel-opacity is-style-wide\"\/>\n\n\n\n<p>Confinement Covid oblige, les modestes rencontres de juillet se sont pass\u00e9es derri\u00e8re la vitrine du th\u00e9\u00e2tre, Claude Djian y a lu Radio solo en direct pour les spectateurs assis sur la place&#8230;<\/p>\n\n\n\n<figure class=\"wp-block-video\"><video controls src=\"http:\/\/media.urgentcrier.com\/urgentcrier\/radio_solo_vitrine_2021.mp4\"><\/video><figcaption class=\"wp-element-caption\">rencontres 2021, Radio solo en vitrine, film 18 min<\/figcaption><\/figure>\n\n\n\n<h1 class=\"wp-block-heading\"><br><br><br>COMMUNE DE PARIS &#8211; URGENT CRIER, <br>2 octobre 2021<\/h1>\n\n\n\n<hr class=\"wp-block-separator has-alpha-channel-opacity is-style-wide\"\/>\n\n\n\n<figure class=\"wp-block-image size-large\"><img loading=\"lazy\" decoding=\"async\" width=\"750\" height=\"1080\" src=\"http:\/\/urgentcrier.com\/wp-content\/uploads\/2023\/01\/scan025_2021commune-750x1080.jpg\" alt=\"\" class=\"wp-image-1110\" srcset=\"http:\/\/urgentcrier.com\/wp-content\/uploads\/2023\/01\/scan025_2021commune-750x1080.jpg 750w, http:\/\/urgentcrier.com\/wp-content\/uploads\/2023\/01\/scan025_2021commune-278x400.jpg 278w, http:\/\/urgentcrier.com\/wp-content\/uploads\/2023\/01\/scan025_2021commune-768x1106.jpg 768w, http:\/\/urgentcrier.com\/wp-content\/uploads\/2023\/01\/scan025_2021commune-1066x1536.jpg 1066w, http:\/\/urgentcrier.com\/wp-content\/uploads\/2023\/01\/scan025_2021commune-1422x2048.jpg 1422w, http:\/\/urgentcrier.com\/wp-content\/uploads\/2023\/01\/scan025_2021commune.jpg 1444w\" sizes=\"auto, (max-width: 706px) 89vw, (max-width: 767px) 82vw, 740px\" \/><\/figure>\n\n\n\n<figure class=\"wp-block-video\"><video controls poster=\"http:\/\/urgentcrier.com\/wp-content\/uploads\/2023\/01\/03bande_annonce_commune.jpg\" src=\"http:\/\/media.urgentcrier.com\/urgentcrier\/03zbande_annonce_commune.mp4\"><\/video><figcaption class=\"wp-element-caption\">Programme de la journ\u00e9e du 2 octobre 2021, clip 1min40<\/figcaption><\/figure>\n\n\n\n<figure class=\"wp-block-gallery has-nested-images columns-default is-cropped wp-block-gallery-1 is-layout-flex wp-block-gallery-is-layout-flex\">\n<figure class=\"wp-block-image size-large\"><img loading=\"lazy\" decoding=\"async\" width=\"1400\" height=\"1050\" data-id=\"688\" src=\"http:\/\/urgentcrier.com\/wp-content\/uploads\/2023\/01\/IMG_4041.jpg\" alt=\"\" class=\"wp-image-688\" srcset=\"http:\/\/urgentcrier.com\/wp-content\/uploads\/2023\/01\/IMG_4041.jpg 1400w, http:\/\/urgentcrier.com\/wp-content\/uploads\/2023\/01\/IMG_4041-400x300.jpg 400w, http:\/\/urgentcrier.com\/wp-content\/uploads\/2023\/01\/IMG_4041-768x576.jpg 768w\" sizes=\"auto, (max-width: 767px) 89vw, (max-width: 1000px) 54vw, (max-width: 1071px) 543px, 580px\" \/><\/figure>\n\n\n\n<figure class=\"wp-block-image size-large\"><img loading=\"lazy\" decoding=\"async\" width=\"1400\" height=\"1050\" data-id=\"689\" src=\"http:\/\/urgentcrier.com\/wp-content\/uploads\/2023\/01\/IMG_4042.jpg\" alt=\"\" class=\"wp-image-689\" srcset=\"http:\/\/urgentcrier.com\/wp-content\/uploads\/2023\/01\/IMG_4042.jpg 1400w, http:\/\/urgentcrier.com\/wp-content\/uploads\/2023\/01\/IMG_4042-400x300.jpg 400w, http:\/\/urgentcrier.com\/wp-content\/uploads\/2023\/01\/IMG_4042-768x576.jpg 768w\" sizes=\"auto, (max-width: 767px) 89vw, (max-width: 1000px) 54vw, (max-width: 1071px) 543px, 580px\" \/><\/figure>\n\n\n\n<figure class=\"wp-block-image size-large\"><img loading=\"lazy\" decoding=\"async\" width=\"1400\" height=\"1050\" data-id=\"692\" src=\"http:\/\/urgentcrier.com\/wp-content\/uploads\/2023\/01\/IMG_4052.jpg\" alt=\"\" class=\"wp-image-692\" srcset=\"http:\/\/urgentcrier.com\/wp-content\/uploads\/2023\/01\/IMG_4052.jpg 1400w, http:\/\/urgentcrier.com\/wp-content\/uploads\/2023\/01\/IMG_4052-400x300.jpg 400w, http:\/\/urgentcrier.com\/wp-content\/uploads\/2023\/01\/IMG_4052-768x576.jpg 768w\" sizes=\"auto, (max-width: 767px) 89vw, (max-width: 1000px) 54vw, (max-width: 1071px) 543px, 580px\" \/><\/figure>\n\n\n\n<figure class=\"wp-block-image size-large\"><img loading=\"lazy\" decoding=\"async\" width=\"1400\" height=\"1050\" data-id=\"694\" src=\"http:\/\/urgentcrier.com\/wp-content\/uploads\/2023\/01\/IMG_4061.jpg\" alt=\"\" class=\"wp-image-694\" srcset=\"http:\/\/urgentcrier.com\/wp-content\/uploads\/2023\/01\/IMG_4061.jpg 1400w, http:\/\/urgentcrier.com\/wp-content\/uploads\/2023\/01\/IMG_4061-400x300.jpg 400w, http:\/\/urgentcrier.com\/wp-content\/uploads\/2023\/01\/IMG_4061-768x576.jpg 768w\" sizes=\"auto, (max-width: 767px) 89vw, (max-width: 1000px) 54vw, (max-width: 1071px) 543px, 580px\" \/><\/figure>\n\n\n\n<figure class=\"wp-block-image size-large\"><img loading=\"lazy\" decoding=\"async\" width=\"1400\" height=\"1050\" data-id=\"695\" src=\"http:\/\/urgentcrier.com\/wp-content\/uploads\/2023\/01\/IMG_4066.jpg\" alt=\"\" class=\"wp-image-695\" srcset=\"http:\/\/urgentcrier.com\/wp-content\/uploads\/2023\/01\/IMG_4066.jpg 1400w, http:\/\/urgentcrier.com\/wp-content\/uploads\/2023\/01\/IMG_4066-400x300.jpg 400w, http:\/\/urgentcrier.com\/wp-content\/uploads\/2023\/01\/IMG_4066-768x576.jpg 768w\" sizes=\"auto, (max-width: 767px) 89vw, (max-width: 1000px) 54vw, (max-width: 1071px) 543px, 580px\" \/><\/figure>\n\n\n\n<figure class=\"wp-block-image size-large\"><img loading=\"lazy\" decoding=\"async\" width=\"1400\" height=\"1050\" data-id=\"696\" src=\"http:\/\/urgentcrier.com\/wp-content\/uploads\/2023\/01\/IMG_4067.jpg\" alt=\"\" class=\"wp-image-696\" srcset=\"http:\/\/urgentcrier.com\/wp-content\/uploads\/2023\/01\/IMG_4067.jpg 1400w, http:\/\/urgentcrier.com\/wp-content\/uploads\/2023\/01\/IMG_4067-400x300.jpg 400w, http:\/\/urgentcrier.com\/wp-content\/uploads\/2023\/01\/IMG_4067-768x576.jpg 768w\" sizes=\"auto, (max-width: 767px) 89vw, (max-width: 1000px) 54vw, (max-width: 1071px) 543px, 580px\" \/><\/figure>\n\n\n\n<figure class=\"wp-block-image size-large\"><img loading=\"lazy\" decoding=\"async\" width=\"1400\" height=\"1050\" data-id=\"701\" src=\"http:\/\/urgentcrier.com\/wp-content\/uploads\/2023\/01\/IMG_4083.jpg\" alt=\"\" class=\"wp-image-701\" srcset=\"http:\/\/urgentcrier.com\/wp-content\/uploads\/2023\/01\/IMG_4083.jpg 1400w, http:\/\/urgentcrier.com\/wp-content\/uploads\/2023\/01\/IMG_4083-400x300.jpg 400w, http:\/\/urgentcrier.com\/wp-content\/uploads\/2023\/01\/IMG_4083-768x576.jpg 768w\" sizes=\"auto, (max-width: 767px) 89vw, (max-width: 1000px) 54vw, (max-width: 1071px) 543px, 580px\" \/><\/figure>\n\n\n\n<figure class=\"wp-block-image size-large\"><img loading=\"lazy\" decoding=\"async\" width=\"1400\" height=\"1050\" data-id=\"700\" src=\"http:\/\/urgentcrier.com\/wp-content\/uploads\/2023\/01\/IMG_4078.jpg\" alt=\"\" class=\"wp-image-700\" srcset=\"http:\/\/urgentcrier.com\/wp-content\/uploads\/2023\/01\/IMG_4078.jpg 1400w, http:\/\/urgentcrier.com\/wp-content\/uploads\/2023\/01\/IMG_4078-400x300.jpg 400w, http:\/\/urgentcrier.com\/wp-content\/uploads\/2023\/01\/IMG_4078-768x576.jpg 768w\" sizes=\"auto, (max-width: 767px) 89vw, (max-width: 1000px) 54vw, (max-width: 1071px) 543px, 580px\" \/><\/figure>\n\n\n\n<figure class=\"wp-block-image size-large\"><img loading=\"lazy\" decoding=\"async\" width=\"1400\" height=\"1050\" data-id=\"699\" src=\"http:\/\/urgentcrier.com\/wp-content\/uploads\/2023\/01\/IMG_4072.jpg\" alt=\"\" class=\"wp-image-699\" srcset=\"http:\/\/urgentcrier.com\/wp-content\/uploads\/2023\/01\/IMG_4072.jpg 1400w, http:\/\/urgentcrier.com\/wp-content\/uploads\/2023\/01\/IMG_4072-400x300.jpg 400w, http:\/\/urgentcrier.com\/wp-content\/uploads\/2023\/01\/IMG_4072-768x576.jpg 768w\" sizes=\"auto, (max-width: 767px) 89vw, (max-width: 1000px) 54vw, (max-width: 1071px) 543px, 580px\" \/><\/figure>\n\n\n\n<figure class=\"wp-block-image size-large\"><img loading=\"lazy\" decoding=\"async\" width=\"1400\" height=\"1050\" data-id=\"698\" src=\"http:\/\/urgentcrier.com\/wp-content\/uploads\/2023\/01\/IMG_4069.jpg\" alt=\"\" class=\"wp-image-698\" srcset=\"http:\/\/urgentcrier.com\/wp-content\/uploads\/2023\/01\/IMG_4069.jpg 1400w, http:\/\/urgentcrier.com\/wp-content\/uploads\/2023\/01\/IMG_4069-400x300.jpg 400w, http:\/\/urgentcrier.com\/wp-content\/uploads\/2023\/01\/IMG_4069-768x576.jpg 768w\" sizes=\"auto, (max-width: 767px) 89vw, (max-width: 1000px) 54vw, (max-width: 1071px) 543px, 580px\" \/><\/figure>\n\n\n\n<figure class=\"wp-block-image size-large\"><img loading=\"lazy\" decoding=\"async\" width=\"1400\" height=\"1050\" data-id=\"702\" src=\"http:\/\/urgentcrier.com\/wp-content\/uploads\/2023\/01\/IMG_4091.jpg\" alt=\"\" class=\"wp-image-702\" srcset=\"http:\/\/urgentcrier.com\/wp-content\/uploads\/2023\/01\/IMG_4091.jpg 1400w, http:\/\/urgentcrier.com\/wp-content\/uploads\/2023\/01\/IMG_4091-400x300.jpg 400w, http:\/\/urgentcrier.com\/wp-content\/uploads\/2023\/01\/IMG_4091-768x576.jpg 768w\" sizes=\"auto, (max-width: 767px) 89vw, (max-width: 1000px) 54vw, (max-width: 1071px) 543px, 580px\" \/><\/figure>\n\n\n\n<figure class=\"wp-block-image size-large\"><img loading=\"lazy\" decoding=\"async\" width=\"1400\" height=\"1050\" data-id=\"697\" src=\"http:\/\/urgentcrier.com\/wp-content\/uploads\/2023\/01\/IMG_4068.jpg\" alt=\"\" class=\"wp-image-697\" srcset=\"http:\/\/urgentcrier.com\/wp-content\/uploads\/2023\/01\/IMG_4068.jpg 1400w, http:\/\/urgentcrier.com\/wp-content\/uploads\/2023\/01\/IMG_4068-400x300.jpg 400w, http:\/\/urgentcrier.com\/wp-content\/uploads\/2023\/01\/IMG_4068-768x576.jpg 768w\" sizes=\"auto, (max-width: 767px) 89vw, (max-width: 1000px) 54vw, (max-width: 1071px) 543px, 580px\" \/><\/figure>\n\n\n\n<figure class=\"wp-block-image size-large\"><img loading=\"lazy\" decoding=\"async\" width=\"1400\" height=\"1050\" data-id=\"691\" src=\"http:\/\/urgentcrier.com\/wp-content\/uploads\/2023\/01\/IMG_4049.jpg\" alt=\"\" class=\"wp-image-691\" srcset=\"http:\/\/urgentcrier.com\/wp-content\/uploads\/2023\/01\/IMG_4049.jpg 1400w, http:\/\/urgentcrier.com\/wp-content\/uploads\/2023\/01\/IMG_4049-400x300.jpg 400w, http:\/\/urgentcrier.com\/wp-content\/uploads\/2023\/01\/IMG_4049-768x576.jpg 768w\" sizes=\"auto, (max-width: 767px) 89vw, (max-width: 1000px) 54vw, (max-width: 1071px) 543px, 580px\" \/><\/figure>\n\n\n\n<figure class=\"wp-block-image size-large\"><img loading=\"lazy\" decoding=\"async\" width=\"1400\" height=\"1050\" data-id=\"690\" src=\"http:\/\/urgentcrier.com\/wp-content\/uploads\/2023\/01\/IMG_4048.jpg\" alt=\"\" class=\"wp-image-690\" srcset=\"http:\/\/urgentcrier.com\/wp-content\/uploads\/2023\/01\/IMG_4048.jpg 1400w, http:\/\/urgentcrier.com\/wp-content\/uploads\/2023\/01\/IMG_4048-400x300.jpg 400w, http:\/\/urgentcrier.com\/wp-content\/uploads\/2023\/01\/IMG_4048-768x576.jpg 768w\" sizes=\"auto, (max-width: 767px) 89vw, (max-width: 1000px) 54vw, (max-width: 1071px) 543px, 580px\" \/><\/figure>\n\n\n\n<figure class=\"wp-block-image size-large\"><img loading=\"lazy\" decoding=\"async\" width=\"1400\" height=\"1050\" data-id=\"687\" src=\"http:\/\/urgentcrier.com\/wp-content\/uploads\/2023\/01\/IMG_4038.jpg\" alt=\"\" class=\"wp-image-687\" srcset=\"http:\/\/urgentcrier.com\/wp-content\/uploads\/2023\/01\/IMG_4038.jpg 1400w, http:\/\/urgentcrier.com\/wp-content\/uploads\/2023\/01\/IMG_4038-400x300.jpg 400w, http:\/\/urgentcrier.com\/wp-content\/uploads\/2023\/01\/IMG_4038-768x576.jpg 768w\" sizes=\"auto, (max-width: 767px) 89vw, (max-width: 1000px) 54vw, (max-width: 1071px) 543px, 580px\" \/><\/figure>\n\n\n\n<figure class=\"wp-block-image size-large\"><img loading=\"lazy\" decoding=\"async\" width=\"1400\" height=\"1050\" data-id=\"686\" src=\"http:\/\/urgentcrier.com\/wp-content\/uploads\/2023\/01\/IMG_4036.jpg\" alt=\"\" class=\"wp-image-686\" srcset=\"http:\/\/urgentcrier.com\/wp-content\/uploads\/2023\/01\/IMG_4036.jpg 1400w, http:\/\/urgentcrier.com\/wp-content\/uploads\/2023\/01\/IMG_4036-400x300.jpg 400w, http:\/\/urgentcrier.com\/wp-content\/uploads\/2023\/01\/IMG_4036-768x576.jpg 768w\" sizes=\"auto, (max-width: 767px) 89vw, (max-width: 1000px) 54vw, (max-width: 1071px) 543px, 580px\" \/><\/figure>\n<\/figure>\n\n\n\n<figure class=\"wp-block-video\"><video controls poster=\"http:\/\/urgentcrier.com\/wp-content\/uploads\/2023\/01\/cover_commune3.jpg\" src=\"http:\/\/media.urgentcrier.com\/urgentcrier\/00commune_1280_v9_50is.mp4\"><\/video><figcaption class=\"wp-element-caption\">\u00ab\u00a0\u00e7a branle dans le manche\u00a0\u00bb, po\u00e8mes et paroles de communards &#8211; Clip de JM Peytavin, &#8211; 15 min<\/figcaption><\/figure>\n\n\n\n<figure class=\"wp-block-video\"><video controls src=\"http:\/\/media.urgentcrier.com\/urgentcrier\/commune_orgue.mp4\"><\/video><figcaption class=\"wp-element-caption\">Cloture A+<\/figcaption><\/figure>\n\n\n\n<h1 class=\"wp-block-heading\"><br><br><br>JOURNEE NECESSAIRE URGENT CRIER  <br>13 juillet 2022<\/h1>\n\n\n\n<hr class=\"wp-block-separator has-alpha-channel-opacity is-style-wide\"\/>\n\n\n\n<figure class=\"wp-block-gallery has-nested-images columns-default is-cropped wp-block-gallery-2 is-layout-flex wp-block-gallery-is-layout-flex\">\n<figure class=\"wp-block-image size-large\"><a href=\"http:\/\/urgentcrier.com\/wp-content\/uploads\/2023\/01\/jour-ness.png\"><img loading=\"lazy\" decoding=\"async\" width=\"1176\" height=\"1080\" data-id=\"716\" src=\"http:\/\/urgentcrier.com\/wp-content\/uploads\/2023\/01\/jour-ness-1176x1080.png\" alt=\"\" class=\"wp-image-716\" srcset=\"http:\/\/urgentcrier.com\/wp-content\/uploads\/2023\/01\/jour-ness-1176x1080.png 1176w, http:\/\/urgentcrier.com\/wp-content\/uploads\/2023\/01\/jour-ness-400x367.png 400w, http:\/\/urgentcrier.com\/wp-content\/uploads\/2023\/01\/jour-ness-768x705.png 768w, http:\/\/urgentcrier.com\/wp-content\/uploads\/2023\/01\/jour-ness-1536x1411.png 1536w, http:\/\/urgentcrier.com\/wp-content\/uploads\/2023\/01\/jour-ness.png 1892w\" sizes=\"auto, (max-width: 767px) 89vw, (max-width: 1000px) 54vw, (max-width: 1071px) 543px, 580px\" \/><\/a><\/figure>\n\n\n\n<figure class=\"wp-block-image size-large\"><a href=\"http:\/\/urgentcrier.com\/wp-content\/uploads\/2023\/01\/tcarm22.png\"><img loading=\"lazy\" decoding=\"async\" width=\"707\" height=\"301\" data-id=\"717\" src=\"http:\/\/urgentcrier.com\/wp-content\/uploads\/2023\/01\/tcarm22.png\" alt=\"\" class=\"wp-image-717\" srcset=\"http:\/\/urgentcrier.com\/wp-content\/uploads\/2023\/01\/tcarm22.png 707w, http:\/\/urgentcrier.com\/wp-content\/uploads\/2023\/01\/tcarm22-400x170.png 400w\" sizes=\"auto, (max-width: 707px) 100vw, 707px\" \/><\/a><\/figure>\n<\/figure>\n\n\n\n<figure class=\"wp-block-image size-large\"><img loading=\"lazy\" decoding=\"async\" width=\"912\" height=\"1080\" src=\"http:\/\/urgentcrier.com\/wp-content\/uploads\/2023\/01\/scan026_2022-912x1080.jpg\" alt=\"\" class=\"wp-image-1107\" srcset=\"http:\/\/urgentcrier.com\/wp-content\/uploads\/2023\/01\/scan026_2022-912x1080.jpg 912w, http:\/\/urgentcrier.com\/wp-content\/uploads\/2023\/01\/scan026_2022-338x400.jpg 338w, http:\/\/urgentcrier.com\/wp-content\/uploads\/2023\/01\/scan026_2022-768x910.jpg 768w, http:\/\/urgentcrier.com\/wp-content\/uploads\/2023\/01\/scan026_2022-1297x1536.jpg 1297w, http:\/\/urgentcrier.com\/wp-content\/uploads\/2023\/01\/scan026_2022.jpg 1554w\" sizes=\"auto, (max-width: 767px) 89vw, (max-width: 1000px) 54vw, (max-width: 1071px) 543px, 580px\" \/><\/figure>\n\n\n\n<figure class=\"wp-block-video\"><video controls src=\"http:\/\/media.urgentcrier.com\/urgentcrier\/compil_journee2022.mp4\"><\/video><figcaption class=\"wp-element-caption\">Les rencontres 2022 express<\/figcaption><\/figure>\n\n\n\n<figure class=\"wp-block-gallery has-nested-images columns-default is-cropped wp-block-gallery-3 is-layout-flex wp-block-gallery-is-layout-flex\">\n<figure class=\"wp-block-image size-large\"><a href=\"http:\/\/urgentcrier.com\/wp-content\/uploads\/2023\/01\/book_bnf.jpg\"><img loading=\"lazy\" decoding=\"async\" width=\"763\" height=\"1080\" data-id=\"718\" src=\"http:\/\/urgentcrier.com\/wp-content\/uploads\/2023\/01\/book_bnf-763x1080.jpg\" alt=\"\" class=\"wp-image-718\" srcset=\"http:\/\/urgentcrier.com\/wp-content\/uploads\/2023\/01\/book_bnf-763x1080.jpg 763w, http:\/\/urgentcrier.com\/wp-content\/uploads\/2023\/01\/book_bnf-283x400.jpg 283w, http:\/\/urgentcrier.com\/wp-content\/uploads\/2023\/01\/book_bnf-768x1087.jpg 768w, http:\/\/urgentcrier.com\/wp-content\/uploads\/2023\/01\/book_bnf-1085x1536.jpg 1085w, http:\/\/urgentcrier.com\/wp-content\/uploads\/2023\/01\/book_bnf.jpg 1407w\" sizes=\"auto, (max-width: 706px) 89vw, (max-width: 767px) 82vw, 740px\" \/><\/a><\/figure>\n\n\n\n<figure class=\"wp-block-image size-large\"><a href=\"http:\/\/urgentcrier.com\/wp-content\/uploads\/2023\/01\/IMG_4855-scaled.jpg\"><img loading=\"lazy\" decoding=\"async\" width=\"1440\" height=\"1080\" data-id=\"779\" src=\"http:\/\/urgentcrier.com\/wp-content\/uploads\/2023\/01\/IMG_4855-1440x1080.jpg\" alt=\"\" class=\"wp-image-779\" srcset=\"http:\/\/urgentcrier.com\/wp-content\/uploads\/2023\/01\/IMG_4855-1440x1080.jpg 1440w, http:\/\/urgentcrier.com\/wp-content\/uploads\/2023\/01\/IMG_4855-400x300.jpg 400w, http:\/\/urgentcrier.com\/wp-content\/uploads\/2023\/01\/IMG_4855-768x576.jpg 768w, http:\/\/urgentcrier.com\/wp-content\/uploads\/2023\/01\/IMG_4855-1536x1152.jpg 1536w, http:\/\/urgentcrier.com\/wp-content\/uploads\/2023\/01\/IMG_4855-2048x1536.jpg 2048w\" sizes=\"auto, (max-width: 767px) 89vw, (max-width: 1000px) 54vw, (max-width: 1071px) 543px, 580px\" \/><\/a><\/figure>\n\n\n\n<figure class=\"wp-block-image size-large\"><a href=\"http:\/\/urgentcrier.com\/wp-content\/uploads\/2023\/01\/IMG_4865-scaled.jpg\"><img loading=\"lazy\" decoding=\"async\" width=\"1440\" height=\"1080\" data-id=\"781\" src=\"http:\/\/urgentcrier.com\/wp-content\/uploads\/2023\/01\/IMG_4865-1440x1080.jpg\" alt=\"\" class=\"wp-image-781\" srcset=\"http:\/\/urgentcrier.com\/wp-content\/uploads\/2023\/01\/IMG_4865-1440x1080.jpg 1440w, http:\/\/urgentcrier.com\/wp-content\/uploads\/2023\/01\/IMG_4865-400x300.jpg 400w, http:\/\/urgentcrier.com\/wp-content\/uploads\/2023\/01\/IMG_4865-768x576.jpg 768w, http:\/\/urgentcrier.com\/wp-content\/uploads\/2023\/01\/IMG_4865-1536x1152.jpg 1536w, http:\/\/urgentcrier.com\/wp-content\/uploads\/2023\/01\/IMG_4865-2048x1536.jpg 2048w\" sizes=\"auto, (max-width: 767px) 89vw, (max-width: 1000px) 54vw, (max-width: 1071px) 543px, 580px\" \/><\/a><\/figure>\n<\/figure>\n\n\n\n<figure class=\"wp-block-video\"><video controls poster=\"http:\/\/urgentcrier.com\/wp-content\/uploads\/2023\/01\/a_l_heure_horloge_coverxx_2022-1.jpg\" src=\"http:\/\/media.urgentcrier.com\/urgentcrier\/a_l_heure_horloge_poeme_2022.mp4\"><\/video><figcaption class=\"wp-element-caption\">A l&rsquo;heure o\u00f9 revisit\u00e9, vid\u00e9o-po\u00e8me-horloge-interactive-al\u00e9atoire<\/figcaption><\/figure>\n\n\n\n<hr class=\"wp-block-separator has-alpha-channel-opacity is-style-wide\"\/>\n\n\n\n<h2 class=\"wp-block-heading\">commentaire personnel d\u00e9sabus\u00e9<\/h2>\n\n\n\n<p><em>Journ\u00e9e n\u00e9cessaire mais pas suffisante. La cabine du Saviem jaune \u00e9tait expos\u00e9e en vitrine. Lors de la tourn\u00e9e de \u00ab\u00a0fusillade \u00e0 Montredon\u00a0\u00bb avec le chapiteau, on \u00e9tait \u00e0 une tonne de surcharge&#8230; On a revu cette ann\u00e9e Charles, Michel, Sophie, Bernard\u2026 Pascale \u00e9tait rest\u00e9e au frais. <br>Christian et Claude rejouent \u00e0 l&rsquo;envi la gen\u00e8se de la Nouvelle Compagnie. Une petite table ronde plut\u00f4t carr\u00e9e \u00e0 propos d&rsquo;une publication qui exhume les carnets de bord d&rsquo;A.B., d\u00e9sormais class\u00e9s et mis en boite \u00e0 la B.N.F. par Lenka Bokova. On d\u00e9couvre encore des plans de bataille et des \u00e9tats d&rsquo;\u00e2me inconnus consign\u00e9s pour la post\u00e9rit\u00e9. L\u00e9onor a lu du Michaux. Jean Marie Lamblard est d\u00e9finitivement class\u00e9 \u00ab\u00a0\u00e9leveur de pintades\u00a0\u00bb. Emeline superbe comme toujours. Neveux s&rsquo;est souvenu \u00e9galement de sa fascination pour l&rsquo;acteur.<br>Andr\u00e9 jouait sur le fil de la trajectoire d&rsquo;un pilote de motocyclette. Note bleue sans fioriture. Tension dialectique entre force centrifuge et pesanteur terrestre, Eschyle vs Shakespeare. Avec une \u00e9conomie de moyens qui confinait au vertige de l&rsquo;\u00e9pure irr\u00e9ductible. A.B. analyse cette contradiction entre l&rsquo;auteur et l&rsquo;acteur-virtuose dans un texte fameux, maintes fois r\u00e9\u00e9crit, \u00ab\u00a0L\u2019auteur avec un acteur dans le corps\u00a0\u00bb. <br>Cot\u00e9 nouvelle vague, remarquable interpr\u00e9tation de ce texte par le jeune Malo Moati.<\/em><br><em><br>En ce qui me concerne, les vid\u00e9o-po\u00e8mes-horloge n&rsquo;int\u00e9ressant absolument plus personne, je suis devenu malgr\u00e9 moi un fant\u00f4me parmi les fant\u00f4mes errant dans un th\u00e9\u00e2tre hantique.<br>JMP 07\/2022<\/em><br><br>postscriptum: <br>cet article fut le dernier publi\u00e9 sur le site \u00ab\u00a0urgentcrier.com\u00a0\u00bben juillet 2022. Apr\u00e8s quoi, probl\u00e8me d&rsquo;intendance, le site s&rsquo;est \u00e9vapor\u00e9 et tout a disparu du nuage dans lequel il avait fait son nid. Ce que vous observez en ce moment est une banale r\u00e9surrection, un fac-simil\u00e9, une archive d&rsquo;archives, une nouvelle peau.<br>2023, le ciel est bleu, \u00e7a repart \u00e0 z\u00e9ro et on va continuer.<\/p>\n\n\n\n<hr class=\"wp-block-separator has-alpha-channel-opacity\"\/>\n\n\n\n<div class=\"wp-block-buttons is-layout-flex wp-block-buttons-is-layout-flex\">\n<div class=\"wp-block-button is-style-outline is-style-outline--4\"><a class=\"wp-block-button__link has-vivid-cyan-blue-color has-text-color wp-element-button\" href=\"http:\/\/urgentcrier.com\/index.php\/videos-urgent-crier\/\">rencontres 2013 &#8211; 2014<\/a><\/div>\n\n\n\n<div class=\"wp-block-button is-style-outline is-style-outline--5\"><a class=\"wp-block-button__link has-vivid-cyan-blue-color has-text-color wp-element-button\" href=\"http:\/\/urgentcrier.com\/index.php\/rencontres-urgent-crier-2015-2016\/\">rencontres 2015 &#8211; 2016<\/a><\/div>\n\n\n\n<div class=\"wp-block-button is-style-outline is-style-outline--6\"><a class=\"wp-block-button__link has-vivid-cyan-blue-color has-text-color wp-element-button\" href=\"http:\/\/urgentcrier.com\/index.php\/rencontres-urgent-crier-2019-2020\/\">rencontres 2017 &#8211; 2018<\/a><\/div>\n\n\n\n<div class=\"wp-block-button is-style-outline is-style-outline--7\"><a class=\"wp-block-button__link has-vivid-cyan-blue-color has-text-color wp-element-button\" href=\"http:\/\/urgentcrier.com\/index.php\/rencontres-urgent-crier-2019-2020-2\/\">rencontres 2019 &#8211; 2020<\/a><\/div>\n\n\n\n<div class=\"wp-block-button is-style-outline is-style-outline--8\"><a class=\"wp-block-button__link has-vivid-cyan-blue-color has-text-color wp-element-button\" href=\"http:\/\/urgentcrier.com\/index.php\/rencontres-urgent-crier-2023-2024\/\">rencontres 2023 &#8211; 2024<\/a><\/div>\n<\/div>\n","protected":false},"excerpt":{"rendered":"<p>Cr\u00e9ation-lecture de RADIO SOLO en streaming,Avril 2021 Lecture int\u00e9grale diffus\u00e9e sur Youtube JOURNEE NECESSAIRE URGENT CRIER, juillet 2021 Confinement Covid oblige, les modestes rencontres de juillet se sont pass\u00e9es derri\u00e8re la vitrine du th\u00e9\u00e2tre, Claude Djian y a lu Radio solo en direct pour les spectateurs assis sur la place&#8230; COMMUNE DE PARIS &#8211; URGENT &hellip; <\/p>\n<p class=\"link-more\"><a href=\"http:\/\/urgentcrier.com\/index.php\/rencontres-urgent-crier-2021-2022\/\" class=\"more-link\">Continuer la lecture<span class=\"screen-reader-text\"> de &laquo;&nbsp;RENCONTRES URGENT CRIER 2021 &#8211; 2022&nbsp;&raquo;<\/span><\/a><\/p>\n","protected":false},"author":1,"featured_media":0,"parent":0,"menu_order":0,"comment_status":"closed","ping_status":"closed","template":"","meta":{"footnotes":""},"class_list":["post-678","page","type-page","status-publish","hentry"],"_links":{"self":[{"href":"http:\/\/urgentcrier.com\/index.php\/wp-json\/wp\/v2\/pages\/678","targetHints":{"allow":["GET"]}}],"collection":[{"href":"http:\/\/urgentcrier.com\/index.php\/wp-json\/wp\/v2\/pages"}],"about":[{"href":"http:\/\/urgentcrier.com\/index.php\/wp-json\/wp\/v2\/types\/page"}],"author":[{"embeddable":true,"href":"http:\/\/urgentcrier.com\/index.php\/wp-json\/wp\/v2\/users\/1"}],"replies":[{"embeddable":true,"href":"http:\/\/urgentcrier.com\/index.php\/wp-json\/wp\/v2\/comments?post=678"}],"version-history":[{"count":46,"href":"http:\/\/urgentcrier.com\/index.php\/wp-json\/wp\/v2\/pages\/678\/revisions"}],"predecessor-version":[{"id":1209,"href":"http:\/\/urgentcrier.com\/index.php\/wp-json\/wp\/v2\/pages\/678\/revisions\/1209"}],"wp:attachment":[{"href":"http:\/\/urgentcrier.com\/index.php\/wp-json\/wp\/v2\/media?parent=678"}],"curies":[{"name":"wp","href":"https:\/\/api.w.org\/{rel}","templated":true}]}}