{"id":270,"date":"2023-01-07T20:43:46","date_gmt":"2023-01-07T19:43:46","guid":{"rendered":"http:\/\/urgentcrier.com\/?page_id=270"},"modified":"2023-01-15T03:26:40","modified_gmt":"2023-01-15T02:26:40","slug":"a-propos-durgentcrier","status":"publish","type":"page","link":"http:\/\/urgentcrier.com\/index.php\/a-propos-durgentcrier\/","title":{"rendered":"\u00e0 propos d&rsquo;URGENTCRIER"},"content":{"rendered":"\n<p>Urgent Crier est une association qui a pour but de garder vivace l\u2019\u0153uvre et les pratiques th\u00e9\u00e2trales d&rsquo;Andr\u00e9 Benedetto en organisant des rencontres, des \u00e9v\u00e8nements et en soutenant la diffusion du r\u00e9pertoire de l&rsquo;auteur depuis 2010.<br>Les \u0153uvriers principaux en sont Pascale Benedetto, Christian Bourgeois, Frances Ashley-Cooper, Claude Djian, Jean-Marc Peytavin, avec le support actif incontournable du th\u00e9\u00e2tre des Carmes dirig\u00e9 par S\u00e9bastien Benedetto.<br>Parmi les amis et intervenants actifs on  compte Bernard Lubat, Serge Pey, Charles Silvestre, Emeline Jouve, Ernest PignonErnest, Ren\u00e9 Benedetto, Nelly Pulicani, Corinne Derrian, G\u00e9rard Ventagioli , Guy Lenoir, Jo\u00ebl Raffy, Lenka Bukova, Olivier Neveux, etc <br><br>Le site Web \u00ab\u00a0urgentcrier.com\u00a0\u00bb diffuse  l&rsquo;activit\u00e9 de cette association et propose \u00e9galement des archives audio, vid\u00e9o et photo relatives \u00e0 la Nouvelle Compagnie d&rsquo;Avignon, Th\u00e9\u00e2tre des Carmes &#8211; Andr\u00e9 Benedetto.<br><\/p>\n","protected":false},"excerpt":{"rendered":"<p>Urgent Crier est une association qui a pour but de garder vivace l\u2019\u0153uvre et les pratiques th\u00e9\u00e2trales d&rsquo;Andr\u00e9 Benedetto en organisant des rencontres, des \u00e9v\u00e8nements et en soutenant la diffusion du r\u00e9pertoire de l&rsquo;auteur depuis 2010.Les \u0153uvriers principaux en sont Pascale Benedetto, Christian Bourgeois, Frances Ashley-Cooper, Claude Djian, Jean-Marc Peytavin, avec le support actif incontournable &hellip; <\/p>\n<p class=\"link-more\"><a href=\"http:\/\/urgentcrier.com\/index.php\/a-propos-durgentcrier\/\" class=\"more-link\">Continuer la lecture<span class=\"screen-reader-text\"> de &laquo;&nbsp;\u00e0 propos d&rsquo;URGENTCRIER&nbsp;&raquo;<\/span><\/a><\/p>\n","protected":false},"author":1,"featured_media":0,"parent":0,"menu_order":0,"comment_status":"closed","ping_status":"closed","template":"","meta":{"footnotes":""},"class_list":["post-270","page","type-page","status-publish","hentry"],"_links":{"self":[{"href":"http:\/\/urgentcrier.com\/index.php\/wp-json\/wp\/v2\/pages\/270","targetHints":{"allow":["GET"]}}],"collection":[{"href":"http:\/\/urgentcrier.com\/index.php\/wp-json\/wp\/v2\/pages"}],"about":[{"href":"http:\/\/urgentcrier.com\/index.php\/wp-json\/wp\/v2\/types\/page"}],"author":[{"embeddable":true,"href":"http:\/\/urgentcrier.com\/index.php\/wp-json\/wp\/v2\/users\/1"}],"replies":[{"embeddable":true,"href":"http:\/\/urgentcrier.com\/index.php\/wp-json\/wp\/v2\/comments?post=270"}],"version-history":[{"count":7,"href":"http:\/\/urgentcrier.com\/index.php\/wp-json\/wp\/v2\/pages\/270\/revisions"}],"predecessor-version":[{"id":1058,"href":"http:\/\/urgentcrier.com\/index.php\/wp-json\/wp\/v2\/pages\/270\/revisions\/1058"}],"wp:attachment":[{"href":"http:\/\/urgentcrier.com\/index.php\/wp-json\/wp\/v2\/media?parent=270"}],"curies":[{"name":"wp","href":"https:\/\/api.w.org\/{rel}","templated":true}]}}